{"id":4576,"date":"2019-11-21T16:06:59","date_gmt":"2019-11-21T16:06:59","guid":{"rendered":"https:\/\/xyov.dkwebservice.de\/?page_id=4576"},"modified":"2019-11-21T16:06:59","modified_gmt":"2019-11-21T16:06:59","slug":"datenschutz","status":"publish","type":"page","link":"https:\/\/osterfeld.dkwebservice.de\/?page_id=4576","title":{"rendered":"Datenschutz"},"content":{"rendered":"<p>[et_pb_section fb_built=&#8220;1&#8243; _builder_version=&#8220;4.0.6&#8243;][et_pb_row _builder_version=&#8220;4.0.6&#8243;][et_pb_column _builder_version=&#8220;4.0.6&#8243; type=&#8220;4_4&#8243;][et_pb_text _builder_version=&#8220;4.0.6&#8243; hover_enabled=&#8220;0&#8243;]<\/p>\n<h1 class=\"entry-title main_title\">Datenschutzerkl\u00e4rung<\/h1>\n<div class=\"entry-content\">\n<p><strong><u>Datenschutzerkl\u00e4rung <\/u><\/strong><\/p>\n<p>Ich nehme den Schutz Ihrer Privatsph\u00e4re und Ihrer privaten Daten ernst. Ihre personenbezogenen Daten werden in \u00dcbereinstimmung mit dem Inhalt dieser Datenschutzerkl\u00e4rung sowie den anwendbaren datenschutzrechtlichen Bestimmungen, insbesondere der europ\u00e4ischen Datenschutz-Grundverordnung (DS-GVO und den nationalen Datenschutzvorschriften verarbeitet. Mit dieser Datenschutzerkl\u00e4rung m\u00f6chte ich Sie \u00fcber Umfang, Art und Weise der Datenverarbeitung im Zusammenhang mit der Nutzung meiner Webseite und bei sonstiger Kontaktaufnahme mit meinen B\u00fcro informieren.<\/p>\n<p><strong>Name und Anschrift des Verantwortlichen <\/strong><\/p>\n<p>Norbert Jan\u00dfen, Stadttorstr. 5, 44532 L\u00fcnen<\/p>\n<p>E-Mail: <a href=\"mailto:nj@spd-luenen.de\">nj@spd-luenen.de<\/a><\/p>\n<p>Tel: 02306 1529<\/p>\n<p>Datenschutzbeauftragter: <a href=\"mailto:datenschutz-nrw@spd.de\">datenschutz-nrw@spd.de<\/a><\/p>\n<p><strong>Rechtsgrundlagen der Verarbeitung <\/strong><\/p>\n<p>Soweit die Verarbeitung personenbezogener Daten zur Wahrnehmung einer Aufgabe erforderlich ist, die im \u00f6ffentlichen Interesse liegt oder in Aus\u00fcbung \u00f6ffentlicher Gewalt, die \u00fcbertragen wurde, ist die Rechtsgrundlage Art. 6 Abs. 1 lit.e, Abs. 3 DS-GVO i. V. m. \u00a7 47 AbgG, \u00a7 3 BDSG.<\/p>\n<p>Soweit wir f\u00fcr Verarbeitungsvorg\u00e4nge personenbezogener Daten eine Einwilligung der betroffenen Person einholen, dient Art.\u00a06 Abs.\u00a01 lit.\u00a0a DS-GVO als Rechtsgrundlage.<\/p>\n<p>Die Durchf\u00fchrung der statistischen Erhebungen sowie der Einsatz von Analyse-Tools und Social Plug-ins erfolgen auf Grundlage berechtigten Interesses gem. Art. 6 Abs. 1 lit. f DSGVO.<\/p>\n<p><strong>Beschreibung und Umfang der Verarbeitung personenbezogener Daten <\/strong><\/p>\n<p><strong>a) beim Besuch der Website<\/strong><\/p>\n<p>Bei jedem Zugriff auf meine Seite werden die folgenden Daten gespeichert:<\/p>\n<ul>\n<li>Adresse des zugreifenden Rechners (IP-Nummer)<\/li>\n<li>Datum und Uhrzeit<\/li>\n<li>Abgerufene Seite oder Datei<\/li>\n<li>\u00dcbertragene Datenmenge<\/li>\n<li>Browsertyp, Betriebssystem, Bildschirmaufl\u00f6sung<\/li>\n<li>Die zuvor besuchte Seite (Referrer), sowie bei Besuchern, die \u00fcber eine Suchmaschine kommen, die Suchbegriffe, \u00fcber die der Blogserver der Fraktion gefunden wurde.<\/li>\n<\/ul>\n<p>Die genannten Daten werden durch uns zu folgenden Zwecken verarbeitet:<\/p>\n<ul>\n<li>Gew\u00e4hrleistung eines reibungslosen Verbindungsaufbaus der Website,<\/li>\n<li>Gew\u00e4hrleistung einer komfortablen Nutzung unserer Website,<\/li>\n<li>Auswertung der Systemsicherheit und -stabilit\u00e4t sowie<\/li>\n<li>zu weiteren administrativen Zwecken.<\/li>\n<\/ul>\n<p>Dar\u00fcber hinaus setzen wir beim Besuch unserer Website Cookies sowie Analysedienste ein. N\u00e4here Erl\u00e4uterungen dazu unter Ziff. 5 und 6 dieser Datenschutzerkl\u00e4rung.<\/p>\n<p><strong>b) bei Kontaktaufnahme, Umgang mit Anfragen<\/strong><\/p>\n<p>Wenn Sie mir Anfragen (einschlie\u00dflich Anregungen oder Kritik) zukommen lassen (\u00fcber das Kontaktformular, per E-Mail, Post, m\u00fcndlich oder telefonisch), werden Ihre Angaben sowie die von Ihnen angegebenen Kontaktdaten zwecks Bearbeitung der Anfrage und f\u00fcr den Fall von Anschlussfragen bei uns gespeichert. Ihre Anfragen werden gegebenenfalls an fachlich zust\u00e4ndige Abgeordnete der SPD-Bundestagsfraktion oder an Mitarbeiter der Fraktion weitergeleitet, wenn dies zur Beantwortung der Anfrage erforderlich ist und ich nicht von Ihrem entgegenstehenden Willen ausgehen muss. \u00a0Davon abgesehen werden Ihre Daten nur mit Ihrer Einwilligung weitergegeben.<\/p>\n<p><strong>c) bei Anmeldung zu unserem Aboservice (Pressemitteilungen, Newsletter, Veranstaltungshinweise, etc.)<\/strong><\/p>\n<p>Sofern Sie ausdr\u00fccklich eingewilligt haben, verwenden wir Ihre E-Mail-Adresse, um Ihnen regelm\u00e4\u00dfig Ihre gew\u00fcnschten Informationen zu \u00fcbersenden. F\u00fcr den Empfang der Informationen ist die Angabe einer E-Mail-Adresse ausreichend.<\/p>\n<p>Die Abmeldung ist jederzeit m\u00f6glich, darauf wird z.B. auch bei jedem Newsletterversand unter Angabe des Links hingewiesen. Alternativ k\u00f6nnen Sie Ihren Abmeldewunsch gerne auch jederzeit an\u00a0<a href=\"mailto:nj@spd-luenen.de\">nj@spd-luenen.de<\/a> per E-Mail senden.<\/p>\n<p><strong>Datenl\u00f6schung\/Speicherdauer<\/strong><\/p>\n<p>Grunds\u00e4tzlich werden personenbezogene Daten gel\u00f6scht, sobald der Zweck der Speicherung entf\u00e4llt und der L\u00f6schung keine vertraglichen oder gesetzlichen Aufbewahrungsfristen entgegenstehen.<\/p>\n<p><strong>Cookies<\/strong><\/p>\n<p>Um mein Internetangebot nutzerfreundlicher und effektiver zu machen, werden auf meiner Website Cookies eingesetzt. \u00a0Cookies sind kleine Textdateien, die auf Ihrem Rechner abgelegt werden und die Ihr Browser speichert. Cookies richten auf Ihrem Endger\u00e4t keinen Schaden an und enthalten keine Viren oder sonstige Schadsoftware.<\/p>\n<p>Die meisten der von uns verwendeten Cookies sind so genannte \u201eSession-Cookies\u201c, die nach Ende Ihres Besuchs automatisch gel\u00f6scht werden. Andere Cookies bleiben auf Ihrem Endger\u00e4t gespeichert, bis Sie diese l\u00f6schen. Diese Cookies erm\u00f6glichen es, Ihren Browser beim n\u00e4chsten Besuch wiederzuerkennen.<\/p>\n<p>Die meisten Browser akzeptieren Cookies automatisch. Das Speichern von Cookies kann jedoch deaktiviert oder der Browser so eingestellt werden, dass Cookies nur f\u00fcr die Dauer der jeweiligen Verbindung zum Internet gespeichert werden. Die vollst\u00e4ndige Deaktivierung von Cookies kann jedoch dazu f\u00fchren, dass die Website nur eingeschr\u00e4nkt genutzt werden kann.<\/p>\n<p><strong>Analyse-Tool<\/strong><strong>s<\/strong><\/p>\n<p>Die im Folgenden aufgef\u00fchrten und eingesetzten Tracking-Ma\u00dfnahmen werden auf Grundlage des Art.\u00a06 Abs.\u00a01 S.\u00a01 lit.\u00a0f DSGVO durchgef\u00fchrt, um die Website bedarfsgerecht zu gestalten und fortlaufend zu optimieren.<\/p>\n<p><strong>a) <\/strong><strong>Google Analytics <\/strong><\/p>\n<p>Zum Zwecke der bedarfsgerechten Gestaltung und fortlaufenden Optimierung meiner Seite nutze ich Google Analytics. Anbieter ist die Google Inc., 1600 Amphitheatre Parkway, Mountain View, CA 94043, USA. In diesem Zusammenhang werden pseudonymisierte Nutzungsprofile erstellt und Cookies verwendet. Dabei werden Daten an einen Server von Google in den USA \u00fcbertragen und dort gespeichert.<\/p>\n<p>Sie k\u00f6nnen die Installation der Cookies durch eine entsprechende Einstellung der Browser-Software verhindern. Dies kann wie unter Ziffer 5 erl\u00e4utert jedoch dazu f\u00fchren, dass die Website nur eingeschr\u00e4nkt nutzbar ist. Zudem besteht die M\u00f6glichkeit, die Verarbeitung durch Google zu verhindern, indem Sie das <a href=\"https:\/\/tools.google.com\/dlpage\/gaoptout?hl=de\">hier<\/a> verf\u00fcgbare Browser-Plugin herunterladen und installieren.<\/p>\n<p>Weitere Informationen zum Datenschutz im Zusammenhang mit Google Analytics finden Sie in der\u00a0<a href=\"https:\/\/support.google.com\/analytics\/?hl=de#topic=1008008\">Google Analytics-Hilfe.<\/a>und in der <a href=\"https:\/\/support.google.com\/analytics\/answer\/6004245?hl=de\">Datenschutzerkl\u00e4rung von Google<\/a>.<\/p>\n<p><strong>Social Media Plugins<\/strong><\/p>\n<p><strong>a) YouTube<\/strong><\/p>\n<p>Auf meiner Seite sind Videos eingebunden, f\u00fcr deren Wiedergabe ich ein Plug-in des von Google betriebenen Dienstes YouTube nutze. Damit m\u00f6chte ich Sie besser \u00fcber meine Arbeit informieren. \u00a0Betreiber des Dienstes ist die YouTube LLC, Cherry Ave., San Bruno, CA 94066, USA. Wenn Sie eine Seite aufrufen, auf der ein Video eingebunden ist, wird eine Verbindung zu den Servern von YouTube hergestellt. Dabei wird dem Server von YouTube mitgeteilt, welche Internetseite Sie besucht haben. Wenn Sie in Ihrem YouTube-Account eingeloggt sind, erm\u00f6glichen Sie YouTube, Ihr Surfverhalten direkt Ihrem pers\u00f6nlichen Profil zuzuordnen. Dies k\u00f6nnen Sie verhindern, indem Sie sich ausloggen. Weitere Informationen zum Umgang finden Sie in der <a href=\"https:\/\/policies.google.com\/privacy?hl=de&amp;gl=de\">Datenschutzerkl\u00e4rung von Google<\/a>, die auch f\u00fcr YouTube gilt.<\/p>\n<p><strong>b) Flickr<\/strong><\/p>\n<p>F\u00fcr die Darstellung und Archivierung von Bild- und Fotomaterial greife ich auf den Service Flickr, der von der Oath (EMEA) Limited (vormals als Yahoo! EMEA Limited), 5-7 Point Square, North Wall Quay, Dublin 1, Ireland angeboten wird, zur\u00fcck.<\/p>\n<p>Ihr Browser baut eine direkte Verbindung mit den Servern von flickr auf. Der Inhalt des Plugins wird von flickr direkt an Ihren Browser \u00fcbermittelt und von diesem in die Webseite eingebunden.<\/p>\n<p>Durch die Einbindung der Plugins erh\u00e4lt flickr die Information, dass Sie die entsprechende Seite unseres Internetauftritts aufgerufen haben. Sind Sie bei flickr eingeloggt, kann flickr den Besuch Ihrem flickr-Konto zuordnen. Weitere Informationen zum Schutz Ihrer Privatsph\u00e4re entnehmen Sie bitte den Datenschutzhinweisen von flickr unter:<br \/><a href=\"https:\/\/policies.oath.com\/ie\/de\/oath\/privacy\/products\/flickr\/index.html\">https:\/\/policies.oath.com\/ie\/de\/oath\/privacy\/products\/flickr\/index.html<\/a><\/p>\n<p><strong>c) Google Maps<\/strong><\/p>\n<p>Diese Webseite verwendet Google Maps API, um geographische Informationen visuell darzustellen. Bei der Nutzung von Google Maps werden von Google auch Daten \u00fcber die Nutzung der Kartenfunktionen durch Besucher verarbeitet. N\u00e4here Informationen \u00fcber die Datenverarbeitung durch Google k\u00f6nnen Sie\u00a0<a href=\"http:\/\/www.google.com\/privacypolicy.html\">den Google-Datenschutzhinweisen<\/a>\u00a0entnehmen.<\/p>\n<p><strong>d) Facebook<\/strong><\/p>\n<p>Auf der Website sind Plugins des sozialen Netzwerks Facebook, Anbieter Facebook Inc., 1 Hacker Way, Menlo Park, California 94025, USA, integriert. Die Facebook-Plugins erkennen Sie an dem Facebook-Logo oder dem \u201eLike-Button\u201c (\u201eGef\u00e4llt mir\u201c) auf unserer Seite.<\/p>\n<p>Wenn Sie meine Seite besuchen, wird bei aktiviertem Plugin eine direkte Verbindung zwischen Ihrem Browser und dem Facebook-Server hergestellt. Facebook erh\u00e4lt dadurch die Information, dass Sie mit Ihrer IP-Adresse unsere Seite besucht haben. Wenn Sie den Facebook-Button anklicken, w\u00e4hrend Sie in Ihrem Facebook-Account eingeloggt sind, k\u00f6nnen Sie die Inhalte unserer Seiten auf Ihrem Facebook-Profil verlinken. Dadurch kann Facebook den Besuch unserer Seiten Ihrem Benutzerkonto zuordnen. Weitere Informationen hierzu finden Sie in der Datenschutzerkl\u00e4rung von Facebook unter\u00a0<a href=\"https:\/\/de-de.facebook.com\/policy.php\">https:\/\/de-de.facebook.com\/policy.php<\/a>.<\/p>\n<p>Indem Sie sich ausloggen, k\u00f6nnen Sie vermeiden, dass Facebook den Besuch unserer Seiten Ihrem Facebook-Nutzerkonto zuordnen kann.<\/p>\n<p><strong>\u00a0<\/strong><strong>e) Twitter<\/strong><\/p>\n<p>Auf meiner Seite ist Twitter eingebunden, um meine <em>(und ggf. weitere) <\/em>Tweets direkt auf meiner Homepage anzuzeigen. Daf\u00fcr wird eine Verbindung zu Twitter aufgebaut. Dabei werden Log-Daten (IP-Adresse, Browsertyp, Betriebssystem, Informationen zu der zuvor aufgerufenen Website und den von Ihnen aufgerufenen Seiten, Standort, Ihr Mobilfunkanbieter, Ger\u00e4teinformationen (einschlie\u00dflich Ger\u00e4te-ID und Anwendungs-ID), Suchbegriffe und Cookie-Informationen) an Twitter \u00fcbermittelt und ggf. Cookies auf Ihrem Rechner gesetzt. Weitere Informationen hierzu finden Sie unter der\u00a0Datenschutzrichtlinie von Twitter, <a href=\"https:\/\/twitter.com\/de\/privacy\">https:\/\/twitter.com\/de\/privacy<\/a><\/p>\n<p><strong>Betroffenenrechte<\/strong><\/p>\n<p><strong>a) Recht auf Auskunft \u2013\u00a0Art.\u00a015\u00a0DS-GVO<\/strong><\/p>\n<p>Mit dem Recht auf Auskunft erh\u00e4lt der Betroffene eine umfassende Einsicht in die ihn angehenden Daten und Informationen \u00fcber einige andere wichtige Kriterien wie beispielsweise die Verarbeitungszwecke oder die Dauer der Speicherung. Es gelten neben den in Art. 15 DS-GVO vorgesehenen Ausnahmen die in \u00a7 34\u00a0BDSG\u00a0geregelten Ausnahmen von diesem Recht.<\/p>\n<p><strong>b) Recht auf Berichtigung \u2013\u00a0Art.\u00a016\u00a0DS-GVO<\/strong><\/p>\n<p>Das Recht auf Berichtigung beinhaltet die M\u00f6glichkeit f\u00fcr den Betroffenen, unrichtige ihn angehende personenbezogene Daten korrigieren zu lassen.<\/p>\n<p><strong>c) Recht auf L\u00f6schung \u2013\u00a0Art.\u00a017\u00a0DS-GVO<\/strong><\/p>\n<p>Das Recht auf L\u00f6schung beinhaltet die M\u00f6glichkeit f\u00fcr den Betroffenen, Daten beim Verantwortlichen l\u00f6schen zu lassen. Dies ist allerdings nur dann m\u00f6glich, wenn die ihn angehenden personenbezogenen Daten nicht mehr notwendig sind, rechtswidrig verarbeitet werden oder eine diesbez\u00fcgliche Einwilligung widerrufen wurde. Es gelten neben den in Art. 17 Abs. 3 DS-GVO vorgesehenen Ausnahmen die in \u00a7 35\u00a0BDSG geregelten Ausnahmen von diesem Recht.<\/p>\n<p><strong>d) Recht auf Einschr\u00e4nkung der Verarbeitung \u2013\u00a0Art.\u00a018\u00a0DS-GVO<\/strong><\/p>\n<p>Das Recht auf Einschr\u00e4nkung der Verarbeitung beinhaltet die M\u00f6glichkeit f\u00fcr den Betroffenen, eine weitere Verarbeitung der ihn angehenden personenbezogenen Daten vorerst zu verhindern.<\/p>\n<p><strong>e) Recht auf Daten\u00fcbertragbarkeit \u2013\u00a0Art.\u00a020\u00a0DS-GVO<\/strong><\/p>\n<p>Das Recht auf Daten\u00fcbertragbarkeit beinhaltet die M\u00f6glichkeit f\u00fcr den Betroffenen, die ihn angehenden personenbezogenen Daten in einem g\u00e4ngigen, maschinenlesbaren Format vom Verantwortlichen zu erhalten, um sie\u00a0ggf.\u00a0an einen anderen Verantwortlichen weiterleiten zu lassen. Gem\u00e4\u00df\u00a0Art.\u00a020\u00a0Abs.\u00a03 Satz 2\u00a0DSGVO\u00a0steht dieses Recht aber dann nicht zur Verf\u00fcgung, wenn die Datenverarbeitung der Wahrnehmung \u00f6ffentlicher Aufgaben dient.<\/p>\n<p><strong>f) Recht auf Widerspruch \u2013\u00a0Art.\u00a021\u00a0DS-GVO<\/strong><\/p>\n<p>Das Recht auf Widerspruch beinhaltet die M\u00f6glichkeit f\u00fcr Betroffene, in einer besonderen Situation der weiteren Verarbeitung ihrer personenbezogenen Daten zu widersprechen.<\/p>\n<p><strong>Datensicherheit<\/strong><\/p>\n<p>Ich verwende innerhalb des Website-Besuchs aus Sicherheitsgr\u00fcnden und zur Gew\u00e4hrleistung von Vertraulichkeit bei der \u00dcbertragung von Daten eine SSL- <em>(bzw. TLS-Verschl\u00fcsselung)<\/em>. Das erkennen Sie daran, dass die Adresszeile des Browsers von http:\/\/ auf https:\/\/ wechselt, au\u00dferdem an dem Schlosssymbol in Ihrer Browserzeile.<\/p>\n<p>Meine Sicherheitsma\u00dfnahmen werden entsprechend der technologischen Entwicklung fortlaufend verbessert.<\/p>\n<p><strong>Weitere Informationen und \u00c4nderungen<\/strong><\/p>\n<p><strong>Links zu anderen Websites<\/strong><\/p>\n<p>Mein Online-Angebot enth\u00e4lt Links zu anderen Websites. Diese Verlinkungen sind in der Regel als solche gekennzeichnet. Ich habe keinen Einfluss darauf, inwieweit auf den verlinkten Webseiten die geltenden Datenschutzbestimmungen eingehalten werden. Ich empfehle daher, dass Sie sich auch bei anderen Websites \u00fcber die jeweiligen Datenschutzerkl\u00e4rungen informieren.<\/p>\n<p><strong>\u00c4nderungen dieser Datenschutzerkl\u00e4rung<\/strong><\/p>\n<p>Im Zuge der (technologischen) Weiterentwicklung meiner Webseite k\u00f6nnen \u00c4nderungen dieser Datenschutzerkl\u00e4rung erforderlich werden. Daher empfehle ich, sich diese Datenschutzerkl\u00e4rung ab und zu erneut durchzulesen.<\/p>\n<\/div>\n<p>[\/et_pb_text][\/et_pb_column][\/et_pb_row][\/et_pb_section]<\/p>\n","protected":false},"excerpt":{"rendered":"<p>Datenschutzerkl\u00e4rung Datenschutzerkl\u00e4rung Ich nehme den Schutz Ihrer Privatsph\u00e4re und Ihrer privaten Daten ernst. Ihre personenbezogenen Daten werden in \u00dcbereinstimmung mit dem Inhalt dieser Datenschutzerkl\u00e4rung sowie den anwendbaren datenschutzrechtlichen Bestimmungen, insbesondere der europ\u00e4ischen Datenschutz-Grundverordnung (DS-GVO und den nationalen Datenschutzvorschriften verarbeitet. Mit dieser Datenschutzerkl\u00e4rung m\u00f6chte ich Sie \u00fcber Umfang, Art und Weise der Datenverarbeitung im Zusammenhang mit [&hellip;]<\/p>\n","protected":false},"author":1,"featured_media":0,"parent":0,"menu_order":0,"comment_status":"closed","ping_status":"closed","template":"","meta":{"_et_pb_use_builder":"on","_et_pb_old_content":"","_et_gb_content_width":"","footnotes":""},"class_list":["post-4576","page","type-page","status-publish","hentry"],"yoast_head":"<!-- This site is optimized with the Yoast SEO plugin v27.4 - https:\/\/yoast.com\/product\/yoast-seo-wordpress\/ -->\n<title>Datenschutz - SPD Osterfeld<\/title>\n<meta name=\"robots\" content=\"noindex, follow, max-snippet:-1, max-image-preview:large, max-video-preview:-1\" \/>\n<meta property=\"og:locale\" content=\"de_DE\" \/>\n<meta property=\"og:type\" content=\"article\" \/>\n<meta property=\"og:title\" content=\"Datenschutz - SPD Osterfeld\" \/>\n<meta property=\"og:description\" content=\"Datenschutzerkl\u00e4rung Datenschutzerkl\u00e4rung Ich nehme den Schutz Ihrer Privatsph\u00e4re und Ihrer privaten Daten ernst. Ihre personenbezogenen Daten werden in \u00dcbereinstimmung mit dem Inhalt dieser Datenschutzerkl\u00e4rung sowie den anwendbaren datenschutzrechtlichen Bestimmungen, insbesondere der europ\u00e4ischen Datenschutz-Grundverordnung (DS-GVO und den nationalen Datenschutzvorschriften verarbeitet. Mit dieser Datenschutzerkl\u00e4rung m\u00f6chte ich Sie \u00fcber Umfang, Art und Weise der Datenverarbeitung im Zusammenhang mit [&hellip;]\" \/>\n<meta property=\"og:url\" content=\"https:\/\/osterfeld.dkwebservice.de\/?page_id=4576\" \/>\n<meta property=\"og:site_name\" content=\"SPD Osterfeld\" \/>\n<meta name=\"twitter:card\" content=\"summary_large_image\" \/>\n<meta name=\"twitter:label1\" content=\"Gesch\u00e4tzte Lesezeit\" \/>\n\t<meta name=\"twitter:data1\" content=\"9\u00a0Minuten\" \/>\n<script type=\"application\/ld+json\" class=\"yoast-schema-graph\">{\"@context\":\"https:\\\/\\\/schema.org\",\"@graph\":[{\"@type\":\"WebPage\",\"@id\":\"https:\\\/\\\/osterfeld.dkwebservice.de\\\/?page_id=4576\",\"url\":\"https:\\\/\\\/osterfeld.dkwebservice.de\\\/?page_id=4576\",\"name\":\"Datenschutz - SPD Osterfeld\",\"isPartOf\":{\"@id\":\"https:\\\/\\\/osterfeld.dkwebservice.de\\\/#website\"},\"datePublished\":\"2019-11-21T16:06:59+00:00\",\"breadcrumb\":{\"@id\":\"https:\\\/\\\/osterfeld.dkwebservice.de\\\/?page_id=4576#breadcrumb\"},\"inLanguage\":\"de\",\"potentialAction\":[{\"@type\":\"ReadAction\",\"target\":[\"https:\\\/\\\/osterfeld.dkwebservice.de\\\/?page_id=4576\"]}]},{\"@type\":\"BreadcrumbList\",\"@id\":\"https:\\\/\\\/osterfeld.dkwebservice.de\\\/?page_id=4576#breadcrumb\",\"itemListElement\":[{\"@type\":\"ListItem\",\"position\":1,\"name\":\"Home\",\"item\":\"https:\\\/\\\/osterfeld.dkwebservice.de\\\/\"},{\"@type\":\"ListItem\",\"position\":2,\"name\":\"Datenschutz\"}]},{\"@type\":\"WebSite\",\"@id\":\"https:\\\/\\\/osterfeld.dkwebservice.de\\\/#website\",\"url\":\"https:\\\/\\\/osterfeld.dkwebservice.de\\\/\",\"name\":\"SPD Osterfeld\",\"description\":\"\",\"potentialAction\":[{\"@type\":\"SearchAction\",\"target\":{\"@type\":\"EntryPoint\",\"urlTemplate\":\"https:\\\/\\\/osterfeld.dkwebservice.de\\\/?s={search_term_string}\"},\"query-input\":{\"@type\":\"PropertyValueSpecification\",\"valueRequired\":true,\"valueName\":\"search_term_string\"}}],\"inLanguage\":\"de\"}]}<\/script>\n<!-- \/ Yoast SEO plugin. -->","yoast_head_json":{"title":"Datenschutz - SPD Osterfeld","robots":{"index":"noindex","follow":"follow","max-snippet":"max-snippet:-1","max-image-preview":"max-image-preview:large","max-video-preview":"max-video-preview:-1"},"og_locale":"de_DE","og_type":"article","og_title":"Datenschutz - SPD Osterfeld","og_description":"Datenschutzerkl\u00e4rung Datenschutzerkl\u00e4rung Ich nehme den Schutz Ihrer Privatsph\u00e4re und Ihrer privaten Daten ernst. Ihre personenbezogenen Daten werden in \u00dcbereinstimmung mit dem Inhalt dieser Datenschutzerkl\u00e4rung sowie den anwendbaren datenschutzrechtlichen Bestimmungen, insbesondere der europ\u00e4ischen Datenschutz-Grundverordnung (DS-GVO und den nationalen Datenschutzvorschriften verarbeitet. Mit dieser Datenschutzerkl\u00e4rung m\u00f6chte ich Sie \u00fcber Umfang, Art und Weise der Datenverarbeitung im Zusammenhang mit [&hellip;]","og_url":"https:\/\/osterfeld.dkwebservice.de\/?page_id=4576","og_site_name":"SPD Osterfeld","twitter_card":"summary_large_image","twitter_misc":{"Gesch\u00e4tzte Lesezeit":"9\u00a0Minuten"},"schema":{"@context":"https:\/\/schema.org","@graph":[{"@type":"WebPage","@id":"https:\/\/osterfeld.dkwebservice.de\/?page_id=4576","url":"https:\/\/osterfeld.dkwebservice.de\/?page_id=4576","name":"Datenschutz - SPD Osterfeld","isPartOf":{"@id":"https:\/\/osterfeld.dkwebservice.de\/#website"},"datePublished":"2019-11-21T16:06:59+00:00","breadcrumb":{"@id":"https:\/\/osterfeld.dkwebservice.de\/?page_id=4576#breadcrumb"},"inLanguage":"de","potentialAction":[{"@type":"ReadAction","target":["https:\/\/osterfeld.dkwebservice.de\/?page_id=4576"]}]},{"@type":"BreadcrumbList","@id":"https:\/\/osterfeld.dkwebservice.de\/?page_id=4576#breadcrumb","itemListElement":[{"@type":"ListItem","position":1,"name":"Home","item":"https:\/\/osterfeld.dkwebservice.de\/"},{"@type":"ListItem","position":2,"name":"Datenschutz"}]},{"@type":"WebSite","@id":"https:\/\/osterfeld.dkwebservice.de\/#website","url":"https:\/\/osterfeld.dkwebservice.de\/","name":"SPD Osterfeld","description":"","potentialAction":[{"@type":"SearchAction","target":{"@type":"EntryPoint","urlTemplate":"https:\/\/osterfeld.dkwebservice.de\/?s={search_term_string}"},"query-input":{"@type":"PropertyValueSpecification","valueRequired":true,"valueName":"search_term_string"}}],"inLanguage":"de"}]}},"_links":{"self":[{"href":"https:\/\/osterfeld.dkwebservice.de\/index.php?rest_route=\/wp\/v2\/pages\/4576","targetHints":{"allow":["GET"]}}],"collection":[{"href":"https:\/\/osterfeld.dkwebservice.de\/index.php?rest_route=\/wp\/v2\/pages"}],"about":[{"href":"https:\/\/osterfeld.dkwebservice.de\/index.php?rest_route=\/wp\/v2\/types\/page"}],"author":[{"embeddable":true,"href":"https:\/\/osterfeld.dkwebservice.de\/index.php?rest_route=\/wp\/v2\/users\/1"}],"replies":[{"embeddable":true,"href":"https:\/\/osterfeld.dkwebservice.de\/index.php?rest_route=%2Fwp%2Fv2%2Fcomments&post=4576"}],"version-history":[{"count":3,"href":"https:\/\/osterfeld.dkwebservice.de\/index.php?rest_route=\/wp\/v2\/pages\/4576\/revisions"}],"predecessor-version":[{"id":4579,"href":"https:\/\/osterfeld.dkwebservice.de\/index.php?rest_route=\/wp\/v2\/pages\/4576\/revisions\/4579"}],"wp:attachment":[{"href":"https:\/\/osterfeld.dkwebservice.de\/index.php?rest_route=%2Fwp%2Fv2%2Fmedia&parent=4576"}],"curies":[{"name":"wp","href":"https:\/\/api.w.org\/{rel}","templated":true}]}}